{"id":361,"date":"2022-04-18T23:20:09","date_gmt":"2022-04-18T23:20:09","guid":{"rendered":"https:\/\/animaecare.com\/mx\/?post_type=product&#038;p=361"},"modified":"2022-05-04T05:26:09","modified_gmt":"2022-05-04T05:26:09","slug":"marvell-nectar-en-polvo","status":"publish","type":"product","link":"https:\/\/animaecare.com\/mx\/producto\/marvell-nectar-en-polvo\/","title":{"rendered":"Nectar en Polvo Marvell 200g"},"content":{"rendered":"<p>Complemento energ\u00e9tico, polvo para preparar n\u00e9ctar para colibr\u00ed.<\/p>\n","protected":false},"excerpt":{"rendered":"<p>Complemento energ\u00e9tico, polvo para preparar n\u00e9ctar para colibr\u00ed.<\/p>\n","protected":false},"featured_media":500,"template":"","meta":{"_et_pb_use_builder":"off","_et_pb_old_content":"Pellentesque habitant morbi tristique senectus et netus et malesuada fames ac turpis egestas. Vestibulum tortor quam, feugiat vitae, ultricies eget, tempor sit amet, ante. Donec eu libero sit amet quam egestas semper. Aenean ultricies mi vitae est. Mauris placerat eleifend leo.","_et_gb_content_width":""},"product_brand":[],"product_cat":[23,22,43],"product_tag":[],"class_list":{"0":"post-361","1":"product","2":"type-product","3":"status-publish","4":"has-post-thumbnail","6":"product_cat-alimentos-ave","7":"product_cat-aves","8":"product_cat-todos","10":"first","11":"instock","12":"shipping-taxable","13":"product-type-simple"},"_links":{"self":[{"href":"https:\/\/animaecare.com\/mx\/wp-json\/wp\/v2\/product\/361","targetHints":{"allow":["GET"]}}],"collection":[{"href":"https:\/\/animaecare.com\/mx\/wp-json\/wp\/v2\/product"}],"about":[{"href":"https:\/\/animaecare.com\/mx\/wp-json\/wp\/v2\/types\/product"}],"wp:featuredmedia":[{"embeddable":true,"href":"https:\/\/animaecare.com\/mx\/wp-json\/wp\/v2\/media\/500"}],"wp:attachment":[{"href":"https:\/\/animaecare.com\/mx\/wp-json\/wp\/v2\/media?parent=361"}],"wp:term":[{"taxonomy":"product_brand","embeddable":true,"href":"https:\/\/animaecare.com\/mx\/wp-json\/wp\/v2\/product_brand?post=361"},{"taxonomy":"product_cat","embeddable":true,"href":"https:\/\/animaecare.com\/mx\/wp-json\/wp\/v2\/product_cat?post=361"},{"taxonomy":"product_tag","embeddable":true,"href":"https:\/\/animaecare.com\/mx\/wp-json\/wp\/v2\/product_tag?post=361"}],"curies":[{"name":"wp","href":"https:\/\/api.w.org\/{rel}","templated":true}]}}